{"id":1121,"date":"2023-04-18T09:54:59","date_gmt":"2023-04-18T09:54:59","guid":{"rendered":"https:\/\/screennj.gomohealth.care\/terms-conditions\/"},"modified":"2023-04-18T09:54:59","modified_gmt":"2023-04-18T09:54:59","slug":"terms-conditions","status":"publish","type":"page","link":"https:\/\/screennj.gomohealth.care\/es\/","title":{"rendered":"Terms &amp; Conditions"},"content":{"rendered":"<p>Como participante de este programa, acepto:<\/p>\n<ul>\n<li>Recibir mensajes de texto relacionados con mis ex\u00e1menes de detecci\u00f3n del c\u00e1ncer.<\/li>\n<li>Hacer clic en los enlaces para ver la informaci\u00f3n y los videos educativos relacionados con mis ex\u00e1menes de detecci\u00f3n del c\u00e1ncer.<\/li>\n<li>Completar y enviar las encuestas de salud en l\u00ednea o m\u00f3viles del programa.<\/li>\n<\/ul>\n<p>Este programa no ofrece asesoramiento m\u00e9dico, diagn\u00f3sticos, opiniones, tratamientos o servicios profesionales, ni ha sido creado para tal fin. La informaci\u00f3n m\u00e9dica proporcionada por <strong>Rutgers CINJ ScreenNJ<\/strong> y Gold Group Enterprises, Inc., que opera bajo el nombre de GoMo Health (GoMo Health), tiene \u00fanicamente fines informativos y educativos. Despu\u00e9s de leer los mensajes de atenci\u00f3n o los sitios web, le recomendamos que consulte en detalle la informaci\u00f3n junto con su proveedor. Nunca subestime el consejo m\u00e9dico de un profesional, demore la b\u00fasqueda de un tratamiento ni conf\u00ede en la informaci\u00f3n de este programa en lugar de solicitar asesoramiento m\u00e9dico de un profesional. La informaci\u00f3n que enviamos por mensaje de texto no debe considerarse una consulta m\u00e9dica ni pretende reemplazar las decisiones del proveedor en cuanto a la idoneidad o los riesgos de un procedimiento al que se somete un paciente. Si cree que tiene una emergencia m\u00e9dica, llame a su proveedor o al 911 de inmediato.<\/p>\n<p>La informaci\u00f3n m\u00e9dica cambia constantemente. <strong>Rutgers CINJ ScreenNJ<\/strong> y GoMo Health no garantizan la precisi\u00f3n, idoneidad, oportunidad ni integridad de ninguna informaci\u00f3n que figure en este sitio o en los sitios web vinculados, y no se responsabilizan por ning\u00fan error, omisi\u00f3n ni consecuencia que surjan del uso de la informaci\u00f3n presente en este sitio o en cualquier sitio web vinculado.<\/p>\n<p>Las referencias a cualquier entidad, producto, servicio o fuente de informaci\u00f3n que no est\u00e9n relacionados con <strong>Rutgers CINJ ScreenNJ<\/strong> y GoMo Health no deben considerarse un respaldo expl\u00edcito ni impl\u00edcito por parte de <strong>Rutgers CINJ ScreenNJ<\/strong> o GoMo Health. <strong>Rutgers CINJ ScreenNJ<\/strong> y GoMo Health no recomiendan ni respaldan ninguna prueba, producto, procedimiento, opini\u00f3n ni otra informaci\u00f3n espec\u00edficos que puedan proporcionarse en cualquiera de los sitios web vinculados. Los sitios web vinculados pueden contener texto, gr\u00e1ficos, im\u00e1genes o informaci\u00f3n que pueden resultar ofensivos. <strong>Rutgers CINJ ScreenNJ<\/strong> y GoMo Health no tienen control alguno sobre estos materiales ni aceptan ninguna responsabilidad por estos.<\/p>\n<p>Esperamos que este programa le resulte \u00fatil para obtener informaci\u00f3n sobre determinadas condiciones y que le ayude a tomar sus propias decisiones de atenci\u00f3n m\u00e9dica.<\/p>\n<h2><strong>Divulgaci\u00f3n sobre la HIPAA<\/strong><\/h2>\n<p>Entiendo que el mensaje de texto no se considera una tecnolog\u00eda segura. <strong>Rutgers CINJ ScreenNJ<\/strong> y GoMo Health no enviar\u00e1n informaci\u00f3n m\u00e9dica protegida (Protected Health Information, PHI) mediante mensaje de texto como parte de este programa.<\/p>\n<p>Acepto renunciar a mi derecho de privacidad de la informaci\u00f3n sobre atenci\u00f3n m\u00e9dica para el uso dentro de este programa y a compartir mi informaci\u00f3n m\u00e9dica protegida.<\/p>\n<h2><strong>Pol\u00edtica de privacidad<\/strong><\/h2>\n<p>GoMo Health respeta su privacidad. GoMo Health Concierge Care\u00ae es una plataforma de software con contenido educativo disponible mediante un enlace web que se env\u00eda por mensaje de texto. GoMo Health no vende, intercambia ni alquila su informaci\u00f3n personal con otras empresas o personas. GoMo Health usa la tecnolog\u00eda l\u00edder en la industria conocida como capa de sockets seguros (Secure Sockets Layer, SSL) para mantener su informaci\u00f3n personal lo m\u00e1s segura posible. La informaci\u00f3n de los participantes se usar\u00e1 solo con los fines previstos. Al participar, autoriza a GoMo Health a proporcionarle su informaci\u00f3n de contacto a <strong>Rutgers Cancer Institute ScreenNJ<\/strong>.<\/p>\n<p>GoMo Health puede usar la informaci\u00f3n recopilada mediante sus servicios con fines de investigaci\u00f3n y desarrollo. Sin embargo, estos usos no incluir\u00e1n ninguna informaci\u00f3n de identificaci\u00f3n personal en dichas investigaciones o desarrollos. La informaci\u00f3n personal recopilada se almacena en nuestra base de datos segura en la nube, y nos reservamos el derecho de revelar informaci\u00f3n solo en la medida en que sea obligatorio para cumplir con las leyes estatales y federales.<\/p>\n<h2><strong>Informaci\u00f3n personal<\/strong><\/h2>\n<p>GoMo Health acumula la informaci\u00f3n de los participantes que se env\u00eda de manera voluntaria a partir de este programa para mejorar su desempe\u00f1o.GoMo Health tambi\u00e9n puede recibir informaci\u00f3n m\u00e9dica personal sobre la salud de los participantes de parte de <strong>Rutgers Cancer Institute ScreenNJ<\/strong>. GoMo Health tambi\u00e9n puede acumular la informaci\u00f3n de las dos fuentes que figuran arriba.<\/p>\n<h2><strong>Mensaje de texto y correo electr\u00f3nico<\/strong><\/h2>\n<p>Cuando un participante env\u00eda un mensaje de texto o correo electr\u00f3nico con datos espec\u00edficos del programa, es posible que se registre su n\u00famero de tel\u00e9fono celular o direcci\u00f3n de correo electr\u00f3nico, el contenido completo del mensaje, los archivos adjuntos u otra informaci\u00f3n. El programa puede usar esta informaci\u00f3n para determinar y enviar informaci\u00f3n o contenido educativo adecuados a los participantes. Los participantes pueden indicar que quieren dejar de recibir las comunicaciones o suspender los env\u00edos en cualquier momento. (Consulte sus opciones con respecto a su informaci\u00f3n personal).<\/p>\n<h2><strong>Informaci\u00f3n recopilada mediante la tecnolog\u00eda<\/strong><\/h2>\n<p>Mientras navegue por estas p\u00e1ginas, es posible que se recopile y almacene determinada informaci\u00f3n sobre la entrega de mensajes de forma pasiva en los registros del servidor de GoMo Health o de nuestros proveedores de servicios, incluida su direcci\u00f3n de protocolo de Internet, el tipo de explorador y el sistema operativo. Tambi\u00e9n usamos cookies y datos de navegaci\u00f3n como los localizadores uniformes de recursos (Uniform Resource Locator, URL) para recopilar informaci\u00f3n acerca de la fecha y hora en que visita la p\u00e1gina web y la informaci\u00f3n que consult\u00f3. Las \u201ccookies\u201d son peque\u00f1os fragmentos de informaci\u00f3n que env\u00eda un sitio web al disco duro de su computadora mientras usted est\u00e1 viendo el sitio. La direcci\u00f3n de protocolo de Internet (Internet Protocol, IP) es un n\u00famero que se asigna autom\u00e1ticamente a una computadora participante cuando usa Internet. En algunos casos, la direcci\u00f3n IP puede ser la misma en todas las sesiones del explorador, pero si los participantes usan un proveedor de servicio de Internet (Internet Service Provider, ISP) para consumidores, lo m\u00e1s probable es que su direcci\u00f3n IP cambie de una sesi\u00f3n a otra. El programa puede usar cookies de la sesi\u00f3n (que expiran una vez que se cierra el explorador web) y cookies permanentes (que permanecen en la computadora hasta que las borra) para ofrecer una experiencia del programa m\u00e1s personalizada e interactiva. Las cookies permanentes pueden eliminarse siguiendo las instrucciones del archivo de ayuda del explorador de Internet. Los participantes pueden administrar las preferencias de cookies mediante la configuraci\u00f3n de sus exploradores (consulte <a href=\"http:\/\/www.aboutcookies.org\">http:\/\/www.aboutcookies.org<\/a> para obtener m\u00e1s informaci\u00f3n).<\/p>\n<h2><strong>Uso y divulgaci\u00f3n de informaci\u00f3n<\/strong><\/h2>\n<p>En general, la Informaci\u00f3n M\u00e9dica Personal y otra informaci\u00f3n que se env\u00eda o comparte con el programa puede usarse con los siguientes fines: para permitir el acceso de los participantes a los servicios del programa; para personalizar el contenido recibido por el programa; o para proporcionar m\u00e1s informaci\u00f3n y funcionalidades a pedido.<\/p>\n<p>A menos que se indique lo contrario en esta Pol\u00edtica de Privacidad, el programa no vende, intercambia, alquila ni comparte de otro modo la informaci\u00f3n personal que recopilamos con terceros.<\/p>\n<p>Cuando as\u00ed nos lo soliciten, podemos proporcionar Informaci\u00f3n M\u00e9dica Personal a proveedores de servicios externos o a empresas afiliadas que trabajan en nuestro nombre con el objetivo de proporcionar algunas de las funciones necesarias que nos ayudan a comunicarnos con los participantes. Algunos ejemplos de estos servicios son el env\u00edo de mensajes de texto o correos electr\u00f3nicos, el an\u00e1lisis de datos, el procesamiento del pago de recompensas y las tareas de servicio al cliente. La informaci\u00f3n de los participantes que se proporcione en funci\u00f3n del Acuerdo de Socio Comercial (Business Associate Agreement, BAA) a las afiliadas y a los proveedores de servicios externos no debe utilizarse de ning\u00fan otro modo, salvo seg\u00fan sea necesario para proporcionar los servicios relevantes del programa. Si no quiere que el programa use o divulgue su Informaci\u00f3n M\u00e9dica Personal recopilada seg\u00fan lo dispuesto arriba, puede elegir no participar en el programa.<\/p>\n<p>El programa usa Google Analytics para analizar el modo en que los visitantes interact\u00faan con el sitio web del programa. Este servicio proporciona datos de identificaci\u00f3n no personal, incluidos \u2014entre otros\u2014 datos relacionados con el lugar de donde provienen los visitantes, qu\u00e9 acciones realizaron en el sitio y a d\u00f3nde fueron cuando salieron de nuestro sitio.<\/p>\n<p>Adem\u00e1s, el programa tambi\u00e9n puede desarrollar informaci\u00f3n no personal con respecto a los visitantes de las p\u00e1ginas web de GoMo Health \u2014mediante procesos de desidentificaci\u00f3n\u2014 para ayudar a garantizar que dicha informaci\u00f3n no pueda volver a asociarse o conectarse con los participantes de manera razonable. En general, esta informaci\u00f3n se desidentifica y se agrega para usarla en an\u00e1lisis estad\u00edsticos y ayudar a analizar patrones de uso. Esta Pol\u00edtica de Privacidad no limita el uso ni la divulgaci\u00f3n de informaci\u00f3n desidentificada (es decir, que no est\u00e1 relacionada con un usuario en particular) de ning\u00fan modo, y nos reservamos el derecho de usar y divulgar a nuestro criterio esta informaci\u00f3n a los socios del programa, los patrocinadores y otros terceros.<\/p>\n<p>En caso de que atravesemos una transici\u00f3n comercial como una fusi\u00f3n, la adquisici\u00f3n por parte de otra empresa o la venta de la totalidad o de una parte de nuestras activos, su Informaci\u00f3n M\u00e9dica Personal puede estar entre los activos que se transfieran. Los participantes del programa reconocen que dichas transferencias pueden ocurrir y est\u00e1n autorizadas por esta Pol\u00edtica de Privacidad, y que la empresa adquiriente seguir\u00e1 procesando la Informaci\u00f3n M\u00e9dica Personal en cumplimiento de la Ley de Transferencia y Responsabilidad de Seguro M\u00e9dico (Health Insurance Portability and Accountability Act, HIPAA) y seg\u00fan lo establecido en esta Pol\u00edtica de Privacidad.<\/p>\n<p>El programa puede divulgar Informaci\u00f3n M\u00e9dica Personal si considera, de buena fe, que dicha divulgaci\u00f3n es necesaria para; (a) cumplir con las leyes pertinentes o responder a citaciones u \u00f3rdenes judiciales que nos lleguen; o (b) para proteger y defender nuestros derechos, propiedad o a usted, el participante. Por el presente, nos autoriza a compartir su Informaci\u00f3n M\u00e9dica Personal en las circunstancias descritas en el presente.<\/p>\n<h2><strong>Sus opciones con respecto a su informaci\u00f3n personal<\/strong><\/h2>\n<p>Este programa ofrece opciones a los participantes respecto de la recopilaci\u00f3n, el uso y la divulgaci\u00f3n de su Informaci\u00f3n M\u00e9dica Personal. Los participantes tienen derecho a abandonar el programa (es decir, ser eliminados de la base de datos del programa) en cualquier momento enviando la palabra \u201cSTOP\u201d (Baja) despu\u00e9s de haber recibido un mensaje de texto. Si el participante eligi\u00f3 el correo electr\u00f3nico como medio de comunicaci\u00f3n para el programa, tiene la oportunidad de \u201cabandonar\u201d el programa siguiendo las instrucciones de cancelaci\u00f3n de suscripci\u00f3n que figuran en el correo electr\u00f3nico. Los participantes tambi\u00e9n pueden comunicarse directamente con GoMo Health enviando un correo electr\u00f3nico a <a href=\"mailto:support@mymobilemsg.com\"><strong>support@mymobilemsg.com<\/strong><\/a>.<\/p>\n","protected":false},"excerpt":{"rendered":"<p>Como participante de este programa, acepto: Recibir mensajes de texto relacionados con mis ex\u00e1menes de detecci\u00f3n del c\u00e1ncer. Hacer clic en los enlaces para ver la informaci\u00f3n y los videos educativos relacionados con mis ex\u00e1menes de detecci\u00f3n del c\u00e1ncer. Completar y enviar las encuestas de salud en l\u00ednea o m\u00f3viles del programa. Este programa no [&hellip;]<\/p>\n","protected":false},"author":1,"featured_media":0,"parent":0,"menu_order":0,"comment_status":"closed","ping_status":"open","template":"","meta":[],"yoast_head":"<!-- This site is optimized with the Yoast SEO plugin v19.10 - https:\/\/yoast.com\/wordpress\/plugins\/seo\/ -->\n<title>Terms &amp; Conditions &raquo; Rutgers CINJ ScreenNJ<\/title>\n<meta name=\"robots\" content=\"noindex, follow\" \/>\n<meta property=\"og:locale\" content=\"es_ES\" \/>\n<meta property=\"og:type\" content=\"article\" \/>\n<meta property=\"og:title\" content=\"Terms &amp; Conditions &raquo; Rutgers CINJ ScreenNJ\" \/>\n<meta property=\"og:description\" content=\"Como participante de este programa, acepto: Recibir mensajes de texto relacionados con mis ex\u00e1menes de detecci\u00f3n del c\u00e1ncer. Hacer clic en los enlaces para ver la informaci\u00f3n y los videos educativos relacionados con mis ex\u00e1menes de detecci\u00f3n del c\u00e1ncer. Completar y enviar las encuestas de salud en l\u00ednea o m\u00f3viles del programa. Este programa no [&hellip;]\" \/>\n<meta property=\"og:url\" content=\"https:\/\/screennj.gomohealth.care\/terms-conditions\/\" \/>\n<meta property=\"og:site_name\" content=\"Rutgers CINJ ScreenNJ\" \/>\n<meta name=\"twitter:card\" content=\"summary_large_image\" \/>\n<meta name=\"twitter:label1\" content=\"Tiempo de lectura\" \/>\n\t<meta name=\"twitter:data1\" content=\"10 minutos\" \/>\n<script type=\"application\/ld+json\" class=\"yoast-schema-graph\">{\"@context\":\"https:\/\/schema.org\",\"@graph\":[{\"@type\":\"WebPage\",\"@id\":\"https:\/\/screennj.gomohealth.care\/terms-conditions\/\",\"url\":\"https:\/\/screennj.gomohealth.care\/terms-conditions\/\",\"name\":\"Terms &amp; Conditions &raquo; Rutgers CINJ ScreenNJ\",\"isPartOf\":{\"@id\":\"https:\/\/screennj.gomohealth.care\/#website\"},\"datePublished\":\"2023-04-18T09:54:59+00:00\",\"dateModified\":\"2023-04-18T09:54:59+00:00\",\"breadcrumb\":{\"@id\":\"https:\/\/screennj.gomohealth.care\/terms-conditions\/#breadcrumb\"},\"inLanguage\":\"es\",\"potentialAction\":[{\"@type\":\"ReadAction\",\"target\":[\"https:\/\/screennj.gomohealth.care\/terms-conditions\/\"]}]},{\"@type\":\"BreadcrumbList\",\"@id\":\"https:\/\/screennj.gomohealth.care\/terms-conditions\/#breadcrumb\",\"itemListElement\":[{\"@type\":\"ListItem\",\"position\":1,\"name\":\"Home\",\"item\":\"https:\/\/screennj.gomohealth.care\/terms-conditions\/\"},{\"@type\":\"ListItem\",\"position\":2,\"name\":\"Terms &amp; Conditions\"}]},{\"@type\":\"WebSite\",\"@id\":\"https:\/\/screennj.gomohealth.care\/#website\",\"url\":\"https:\/\/screennj.gomohealth.care\/\",\"name\":\"Rutgers CINJ ScreenNJ\",\"description\":\"GoMo Health Personal Concierge\",\"potentialAction\":[{\"@type\":\"SearchAction\",\"target\":{\"@type\":\"EntryPoint\",\"urlTemplate\":\"https:\/\/screennj.gomohealth.care\/?s={search_term_string}\"},\"query-input\":\"required name=search_term_string\"}],\"inLanguage\":\"es\"}]}<\/script>\n<!-- \/ Yoast SEO plugin. -->","yoast_head_json":{"title":"Terms &amp; Conditions &raquo; Rutgers CINJ ScreenNJ","robots":{"index":"noindex","follow":"follow"},"og_locale":"es_ES","og_type":"article","og_title":"Terms &amp; Conditions &raquo; Rutgers CINJ ScreenNJ","og_description":"Como participante de este programa, acepto: Recibir mensajes de texto relacionados con mis ex\u00e1menes de detecci\u00f3n del c\u00e1ncer. Hacer clic en los enlaces para ver la informaci\u00f3n y los videos educativos relacionados con mis ex\u00e1menes de detecci\u00f3n del c\u00e1ncer. Completar y enviar las encuestas de salud en l\u00ednea o m\u00f3viles del programa. Este programa no [&hellip;]","og_url":"https:\/\/screennj.gomohealth.care\/terms-conditions\/","og_site_name":"Rutgers CINJ ScreenNJ","twitter_card":"summary_large_image","twitter_misc":{"Tiempo de lectura":"10 minutos"},"schema":{"@context":"https:\/\/schema.org","@graph":[{"@type":"WebPage","@id":"https:\/\/screennj.gomohealth.care\/terms-conditions\/","url":"https:\/\/screennj.gomohealth.care\/terms-conditions\/","name":"Terms &amp; Conditions &raquo; Rutgers CINJ ScreenNJ","isPartOf":{"@id":"https:\/\/screennj.gomohealth.care\/#website"},"datePublished":"2023-04-18T09:54:59+00:00","dateModified":"2023-04-18T09:54:59+00:00","breadcrumb":{"@id":"https:\/\/screennj.gomohealth.care\/terms-conditions\/#breadcrumb"},"inLanguage":"es","potentialAction":[{"@type":"ReadAction","target":["https:\/\/screennj.gomohealth.care\/terms-conditions\/"]}]},{"@type":"BreadcrumbList","@id":"https:\/\/screennj.gomohealth.care\/terms-conditions\/#breadcrumb","itemListElement":[{"@type":"ListItem","position":1,"name":"Home","item":"https:\/\/screennj.gomohealth.care\/terms-conditions\/"},{"@type":"ListItem","position":2,"name":"Terms &amp; Conditions"}]},{"@type":"WebSite","@id":"https:\/\/screennj.gomohealth.care\/#website","url":"https:\/\/screennj.gomohealth.care\/","name":"Rutgers CINJ ScreenNJ","description":"GoMo Health Personal Concierge","potentialAction":[{"@type":"SearchAction","target":{"@type":"EntryPoint","urlTemplate":"https:\/\/screennj.gomohealth.care\/?s={search_term_string}"},"query-input":"required name=search_term_string"}],"inLanguage":"es"}]}},"_links":{"self":[{"href":"https:\/\/screennj.gomohealth.care\/es\/wp-json\/wp\/v2\/pages\/1121"}],"collection":[{"href":"https:\/\/screennj.gomohealth.care\/es\/wp-json\/wp\/v2\/pages"}],"about":[{"href":"https:\/\/screennj.gomohealth.care\/es\/wp-json\/wp\/v2\/types\/page"}],"author":[{"embeddable":true,"href":"https:\/\/screennj.gomohealth.care\/es\/wp-json\/wp\/v2\/users\/1"}],"replies":[{"embeddable":true,"href":"https:\/\/screennj.gomohealth.care\/es\/wp-json\/wp\/v2\/comments?post=1121"}],"version-history":[{"count":0,"href":"https:\/\/screennj.gomohealth.care\/es\/wp-json\/wp\/v2\/pages\/1121\/revisions"}],"wp:attachment":[{"href":"https:\/\/screennj.gomohealth.care\/es\/wp-json\/wp\/v2\/media?parent=1121"}],"curies":[{"name":"wp","href":"https:\/\/api.w.org\/{rel}","templated":true}]}}